{"id":806,"date":"2020-11-06T12:50:37","date_gmt":"2020-11-06T11:50:37","guid":{"rendered":"http:\/\/riskterra.blogs.upv.es\/?page_id=806"},"modified":"2020-11-06T13:10:27","modified_gmt":"2020-11-06T12:10:27","slug":"trabajos-academicos","status":"publish","type":"page","link":"https:\/\/riskterra.blogs.upv.es\/en\/trabajos-academicos\/","title":{"rendered":"Trabajos acad\u00e9micos"},"content":{"rendered":"\n<h2 class=\"wp-block-heading\"><strong>Tesis Doctorales (en curso) relacionadas con el proyecto<\/strong><\/h2>\n\n\n\n<p>F. Trizio. \u201c<strong>La afecci\u00f3n de las inundaciones en la arquitectura de tierra de la Pen\u00ednsula Ib\u00e9rica: causas, riesgos y estrategias de protecci\u00f3n<\/strong>.\u201d (Directores: F.J. Torrijo Echarri; Tutor: F. Vegas L\u00f3pez-Manzanares) EN CURSO&nbsp;<br><br>A. Hueto Escobar. \u201c<strong>Los muros entramados de madera en Espa\u00f1a. Estudio de una t\u00e9cnica tradicional para du puesta en valor y conservaci\u00f3n<\/strong>\u201d. (Directores: Camilla Mileto, Fernando Vegas, Maria Diodato) EN CURSO&nbsp;<br><br>M.G. Jofre Troncoso. \u201c<strong>Estudio y An\u00e1lisis del Sistema Constructivo Estructural de la Casona Colonial Chilena &#8211; Arquitectura Vern\u00e1cula De Adobe, Regi\u00f3n Central De Chile<\/strong>\u201d. (Directores: Camilla Mileto, Fernando Vegas) EN CURSO&nbsp;<br><br>M. Rosaleny Gam\u00f3n. \u201c<strong>Arquitectura Vern\u00e1cula Mediterr\u00e1nea, Un Camino Hacia La Sostenibilidad<\/strong>\u201d. (Directores: Camilla Mileto, Fernando Vegas) EN CURSO&nbsp;<br><br>L. Navarro Alfaro. \u201c<strong>Arquitectura de Tierra en la Provincia de Alicante. Caracter\u00edsticas Arquitect\u00f3nicas, Constructivas Y Conservaci\u00f3n<\/strong>\u201d. (Directores: Camilla Mileto, Fernando Vegas, Valentina Cristini) EN CURSO<br>&nbsp;<br>S. Manzano Fern\u00e1ndez. \u201c<strong>Arquitectura de tierra en yacimientos arqueol\u00f3gicos de la Pen\u00ednsula Ib\u00e9rica: estudio de riesgos naturales, sociales y antr\u00f3picos y estrategias de conservaci\u00f3n<\/strong>\u201d. (Directores: Camilla Mileto, Fernando Vegas, Valentina Cristini) EN CURSO&nbsp;<\/p>\n\n\n\n<h2 class=\"wp-block-heading\"><strong>TFM M\u00e1ster Oficial en Conservaci\u00f3n del Patrimonio Arquitect\u00f3nico<\/strong><\/h2>\n\n\n\n<p>\u201c<strong>La Consolidaci\u00f3n Material para la Arquitectura Patrimonial de Tierra. la Aplicaci\u00f3n del Fcc Como Posible Consolidante<\/strong>\u201d. Trabajo Final del M\u00e1ster en Conservaci\u00f3n del Patrimonio Arquitect\u00f3nico UPV (2019). Alumna: Barros Magdalena, Mar\u00eda. Tutores: C. Mileto, F. Vegas, J. Monz\u00f3\u00a0<\/p>\n\n\n\n<p>\u201c<strong>Muros mixtos de tierra y madera en Espa\u00f1a: estudio tipol\u00f3gico y constructivo de una t\u00e9cnica tradicional<\/strong>\u201d. Trabajo Final del M\u00e1ster en Conservaci\u00f3n del Patrimonio Arquitect\u00f3nico UPV (2019). Alumna: Hueto Escobar, Alicia. Tutores: C. Mileto, F. Vegas, M. Diodato\u00a0<\/p>\n\n\n\n<p>\u201c<strong>Proceso para la recuperaci\u00f3n de un testigo de la historia. El Castillo de Petr\u00e9s<\/strong>\u201d. Trabajo Final del M\u00e1ster en Conservaci\u00f3n del Patrimonio Arquitect\u00f3nico UPV (2020). Alumna: Casab\u00e1n Garc\u00e9s, Amparo. Tutores: C. Mileto, F. Vegas\u00a0<\/p>\n\n\n\n<p>\u201c<strong>La arquitectura de tierra frente a las inundaciones: el caso de Alzira<\/strong>\u201d, Trabajo Final de M\u00e1ster en Conservaci\u00f3n del Patrimonio Arquitect\u00f3nico (2020). Alumna: Trizio, Francesca. Tutores: C. Mileto, F. Vegas, J. Torrijo\u00a0<\/p>\n","protected":false},"excerpt":{"rendered":"<p>Tesis Doctorales (en curso) relacionadas con el proyecto F. Trizio. \u201cLa afecci\u00f3n de las inundaciones en la arquitectura de tierra de la Pen\u00ednsula Ib\u00e9rica: causas, riesgos y estrategias de protecci\u00f3n.\u201d (Directores: F.J. Torrijo Echarri; Tutor: F. Vegas L\u00f3pez-Manzanares) EN CURSO&nbsp; A. Hueto Escobar. \u201cLos muros entramados de madera en Espa\u00f1a. Estudio de una t\u00e9cnica tradicional [&hellip;]<\/p>\n","protected":false},"author":31569,"featured_media":0,"parent":0,"menu_order":0,"comment_status":"closed","ping_status":"closed","template":"","meta":{"footnotes":""},"class_list":["post-806","page","type-page","status-publish","hentry"],"_links":{"self":[{"href":"https:\/\/riskterra.blogs.upv.es\/en\/wp-json\/wp\/v2\/pages\/806","targetHints":{"allow":["GET"]}}],"collection":[{"href":"https:\/\/riskterra.blogs.upv.es\/en\/wp-json\/wp\/v2\/pages"}],"about":[{"href":"https:\/\/riskterra.blogs.upv.es\/en\/wp-json\/wp\/v2\/types\/page"}],"author":[{"embeddable":true,"href":"https:\/\/riskterra.blogs.upv.es\/en\/wp-json\/wp\/v2\/users\/31569"}],"replies":[{"embeddable":true,"href":"https:\/\/riskterra.blogs.upv.es\/en\/wp-json\/wp\/v2\/comments?post=806"}],"version-history":[{"count":3,"href":"https:\/\/riskterra.blogs.upv.es\/en\/wp-json\/wp\/v2\/pages\/806\/revisions"}],"predecessor-version":[{"id":861,"href":"https:\/\/riskterra.blogs.upv.es\/en\/wp-json\/wp\/v2\/pages\/806\/revisions\/861"}],"wp:attachment":[{"href":"https:\/\/riskterra.blogs.upv.es\/en\/wp-json\/wp\/v2\/media?parent=806"}],"curies":[{"name":"wp","href":"https:\/\/api.w.org\/{rel}","templated":true}]}}