{"id":74,"date":"2019-06-20T12:06:34","date_gmt":"2019-06-20T10:06:34","guid":{"rendered":"http:\/\/riskterra.blogs.upv.es\/?page_id=74"},"modified":"2021-07-26T11:30:41","modified_gmt":"2021-07-26T09:30:41","slug":"equipo","status":"publish","type":"page","link":"https:\/\/riskterra.blogs.upv.es\/en\/equipo\/","title":{"rendered":"TEAM"},"content":{"rendered":"<p><\/p>\n<p style=\"text-align: center\"><strong>RESEARCH GROUP<\/strong><\/p>\n<p style=\"text-align: center\">Camilla Mileto (IP1),<em> PhD Architect, Full Professor, UPV<br \/>\n<\/em>Fernando Vegas L\u00f3pez-Manzanares (IP2),<em> PhD Architect, Full Professor, UPV<br \/>\n<\/em>Arianna Guardiola V\u00edllora,<em> PhD Architect, Associate Professor, UPV<br \/>\n<\/em>Luisa Basset Sal\u00f3m, <em>PhD Architect, Associate Professor, UPV<br \/>\n<\/em>Fco. Javier Torrijo Echarri, <em>PhD Geology \/ Civil Engineer, Tenured Prof. UPV<br \/>\n<\/em>Fernando Vela Coss\u00edo,<em> PhD in History, Associate Professor, UPM<br \/>\n<\/em>Ana Gonz\u00e1lez Serrano, <em>PhD Architect, Adjunct Professor, US<br \/>\n<\/em>J. Manuel L\u00f3pez Osorio, <em>PhD Architect, Adjunct Professor (accr. to Assoc. Prof.), UMA<br \/>\n<\/em>Fco. Javier L\u00f3pez Mart\u00ednez, <em>PhD Architect, Tenured Professor, UCAM<br \/>\n<\/em>Vincenzina La Spina,<em> PhD Architect, Tenured Professor, UPCT<br \/>\n<\/em>Valentina Cristini,<em> PhD Architect, Associate Professor, UPV<br \/>\n<\/em><\/p>\n<p style=\"text-align: center\"><strong>WORK GROUP<\/strong><\/p>\n<p style=\"text-align: center\">Lidia Garc\u00eda Soriano, <em>PhD Architect, Adjunct Pr. (ASO) (accr. to Assist. Prof.), UPV<br \/>\n<\/em>Mariana Correia,<em> PhD Architect, Assoc.Pr. ESG (Portugal), ICOMOS-ISCEAH President<br \/>\n<\/em>Paulo Louren\u00e7o,<em> PhD in Civil Engineering, Full Prof., University of Minho (Portugal)<br \/>\nAnna P\u00e9rez Vila,\u00a0Architect. Contracted Research Staff, UPV<br \/>\nMar\u00eda Barros\u00a0Magdalena. Conservative Restorer. Contracted Research Staff, UPV<br \/>\nFrancesca Trizio. Architect. FPI Researcher, UPV<br \/>\nMatilde Caruso, FPI Researcher, GVA<\/p>\n<p><\/em><\/p>\n<p style=\"text-align: center\"><strong>SCIENTIFIC COLLABORATORS<\/strong><\/p>\n<p style=\"text-align: center\">Achenza, M.; Alaidarous, A.; Alejandre, F.J.; Algorri Garc\u00eda, E.; Almagro Gorbea, A.; Belarte, C.;<br \/>\nBl\u00e9try, S.; Bruno, P.; Buzo Rem\u00f3n, A.; Canivell G\u00aa de Paredes, J.; Casanovas Boixereu, X.;<br \/>\nCastillo Ruiz, J.; Couvreur, L.; De Chazelles, C.-A.; Di Pasquale, L.; Faria, P.; Fernandes, M.;<br \/>\nFern\u00e1ndez Palicio, A.; Ferreira, T.; Font Arellano, J.; Fuentes, R.; Gandreau, D.; Gil Piqueras, M.T.; Graciani Carc\u00eda, A.; Guillaud, H.; Hall, M.; Jov\u00e9 Sandoval, F.; Kobayashi, H.; Mart\u00edn delR\u00edo, J.J.; <span style=\"font-size: 1.3rem\">Matero,F.; Ochiai, C.; Orihuela Uzal, A.; Pimenta do Vale, C.; Rakotomamonjy, B.;<\/span>Rocha, C.M.; Rodr\u00edguez Navarro, P.; Rodr\u00edguez Nuere, B.; S\u00e1inz Guerra, J.L.; Sanz, J.M.; Serrano Lanzarote, B.; Sousa, \u00c1.L.; Tavares, A.; Tim\u00f3n, M.P.; Varum, H.; Vendrell, M.; Yuste, B.<\/p>\n<p>\u00a0<\/p>","protected":false},"excerpt":{"rendered":"<p>RESEARCH GROUP Camilla Mileto (IP1), PhD Architect, Full Professor, UPV Fernando Vegas L\u00f3pez-Manzanares (IP2), PhD Architect, Full Professor, UPV Arianna Guardiola V\u00edllora, PhD Architect, Associate Professor, UPV Luisa Basset Sal\u00f3m, PhD Architect, Associate Professor, UPV Fco. Javier Torrijo Echarri, PhD Geology \/ Civil Engineer, Tenured Prof. UPV Fernando Vela Coss\u00edo, PhD in History, Associate Professor, [&hellip;]<\/p>\n","protected":false},"author":23693,"featured_media":0,"parent":0,"menu_order":0,"comment_status":"closed","ping_status":"closed","template":"","meta":{"footnotes":""},"class_list":["post-74","page","type-page","status-publish","hentry"],"_links":{"self":[{"href":"https:\/\/riskterra.blogs.upv.es\/en\/wp-json\/wp\/v2\/pages\/74","targetHints":{"allow":["GET"]}}],"collection":[{"href":"https:\/\/riskterra.blogs.upv.es\/en\/wp-json\/wp\/v2\/pages"}],"about":[{"href":"https:\/\/riskterra.blogs.upv.es\/en\/wp-json\/wp\/v2\/types\/page"}],"author":[{"embeddable":true,"href":"https:\/\/riskterra.blogs.upv.es\/en\/wp-json\/wp\/v2\/users\/23693"}],"replies":[{"embeddable":true,"href":"https:\/\/riskterra.blogs.upv.es\/en\/wp-json\/wp\/v2\/comments?post=74"}],"version-history":[{"count":2,"href":"https:\/\/riskterra.blogs.upv.es\/en\/wp-json\/wp\/v2\/pages\/74\/revisions"}],"predecessor-version":[{"id":871,"href":"https:\/\/riskterra.blogs.upv.es\/en\/wp-json\/wp\/v2\/pages\/74\/revisions\/871"}],"wp:attachment":[{"href":"https:\/\/riskterra.blogs.upv.es\/en\/wp-json\/wp\/v2\/media?parent=74"}],"curies":[{"name":"wp","href":"https:\/\/api.w.org\/{rel}","templated":true}]}}